{"id":685,"date":"2024-04-06T21:48:56","date_gmt":"2024-04-06T21:48:56","guid":{"rendered":"https:\/\/selfpay.pt\/?page_id=685"},"modified":"2024-05-15T15:01:04","modified_gmt":"2024-05-15T15:01:04","slug":"cashmatic-visualpay-17","status":"publish","type":"page","link":"https:\/\/selfpay.pt\/en\/cashmatic-visualpay-17\/","title":{"rendered":"Cashmatic Visualpay 17"},"content":{"rendered":"<div data-elementor-type=\"wp-page\" data-elementor-id=\"685\" class=\"elementor elementor-685\" data-elementor-post-type=\"page\">\n\t\t\t\t\t\t<section class=\"elementor-section elementor-top-section elementor-element elementor-element-4489517 elementor-section-boxed elementor-section-height-default elementor-section-height-default\" data-id=\"4489517\" data-element_type=\"section\" data-e-type=\"section\" data-settings=\"{&quot;background_background&quot;:&quot;classic&quot;}\">\n\t\t\t\t\t\t<div class=\"elementor-container elementor-column-gap-default\">\n\t\t\t\t\t<div class=\"elementor-column elementor-col-100 elementor-top-column elementor-element elementor-element-2267d28\" data-id=\"2267d28\" data-element_type=\"column\" data-e-type=\"column\">\n\t\t\t<div class=\"elementor-widget-wrap elementor-element-populated\">\n\t\t\t\t\t\t<div class=\"elementor-element elementor-element-ebfc531 elementor-widget elementor-widget-heading\" data-id=\"ebfc531\" data-element_type=\"widget\" data-e-type=\"widget\" data-widget_type=\"heading.default\">\n\t\t\t\t<div class=\"elementor-widget-container\">\n\t\t\t\t\t<h1 class=\"elementor-heading-title elementor-size-default\">Restaura\u00e7\u00e3o<\/h1>\t\t\t\t<\/div>\n\t\t\t\t<\/div>\n\t\t\t\t<div class=\"elementor-element elementor-element-8369b49 elementor-widget elementor-widget-heading\" data-id=\"8369b49\" data-element_type=\"widget\" data-e-type=\"widget\" data-widget_type=\"heading.default\">\n\t\t\t\t<div class=\"elementor-widget-container\">\n\t\t\t\t\t<h5 class=\"elementor-heading-title elementor-size-default\">Kiosk\u00b4s Visualpay Cashmatic<\/h5>\t\t\t\t<\/div>\n\t\t\t\t<\/div>\n\t\t\t\t\t<\/div>\n\t\t<\/div>\n\t\t\t\t\t<\/div>\n\t\t<\/section>\n\t\t\t\t<section class=\"elementor-section elementor-top-section elementor-element elementor-element-a9577fe elementor-section-boxed elementor-section-height-default elementor-section-height-default\" data-id=\"a9577fe\" data-element_type=\"section\" data-e-type=\"section\">\n\t\t\t\t\t\t<div class=\"elementor-container elementor-column-gap-default\">\n\t\t\t\t\t<div class=\"elementor-column elementor-col-50 elementor-top-column elementor-element elementor-element-c855d31\" data-id=\"c855d31\" data-element_type=\"column\" data-e-type=\"column\">\n\t\t\t<div class=\"elementor-widget-wrap elementor-element-populated\">\n\t\t\t\t\t\t<div class=\"elementor-element elementor-element-f834d13 elementor-widget elementor-widget-heading\" data-id=\"f834d13\" data-element_type=\"widget\" data-e-type=\"widget\" data-widget_type=\"heading.default\">\n\t\t\t\t<div class=\"elementor-widget-container\">\n\t\t\t\t\t<h1 class=\"elementor-heading-title elementor-size-default\">Cashmatic Visualpay 17\"<\/h1>\t\t\t\t<\/div>\n\t\t\t\t<\/div>\n\t\t\t\t<div class=\"elementor-element elementor-element-32f51c0 elementor-widget elementor-widget-text-editor\" data-id=\"32f51c0\" data-element_type=\"widget\" data-e-type=\"widget\" data-widget_type=\"text-editor.default\">\n\t\t\t\t<div class=\"elementor-widget-container\">\n\t\t\t\t\t\t\t\t\t<p>Cashmatic VisualPay 17 \u00e9 a solu\u00e7\u00e3o mais vers\u00e1til entre as projetadas pela Cashmatic:<\/p><p>Sendo configur\u00e1vel de v\u00e1rias maneiras, presta-se perfeitamente como principal ou multibanco secund\u00e1rio de diferentes realidades comerciais. <br \/>Este multibanco autom\u00e1tico incorpora todas as solu\u00e7\u00f5es da Cashmatic. As configura\u00e7\u00f5es do VisualPay 17 foram concebidas para acompanhar o utilizador final desde o momento da escolha do produto at\u00e9 ao pagamento, que pode ser em numer\u00e1rio ou eletr\u00f3nico .<\/p>\t\t\t\t\t\t\t\t<\/div>\n\t\t\t\t<\/div>\n\t\t\t\t<div class=\"elementor-element elementor-element-ad5b28e elementor-hidden-desktop elementor-hidden-tablet elementor-hidden-mobile elementor-widget elementor-widget-text-editor\" data-id=\"ad5b28e\" data-element_type=\"widget\" data-e-type=\"widget\" data-widget_type=\"text-editor.default\">\n\t\t\t\t<div class=\"elementor-widget-container\">\n\t\t\t\t\t\t\t\t\t<p><span class=\"OYPEnA text-decoration-none text-strikethrough-none\"><strong>Altura:<\/strong> 48,40 cm<\/span> <span class=\"OYPEnA text-decoration-none text-strikethrough-none\"><strong>Largura:<\/strong> 33,40 cm <strong>Profundidade:<\/strong> 42,10 cm<\/span><\/p>\t\t\t\t\t\t\t\t<\/div>\n\t\t\t\t<\/div>\n\t\t\t\t\t<\/div>\n\t\t<\/div>\n\t\t\t\t<div class=\"elementor-column elementor-col-50 elementor-top-column elementor-element elementor-element-0592368\" data-id=\"0592368\" data-element_type=\"column\" data-e-type=\"column\">\n\t\t\t<div class=\"elementor-widget-wrap elementor-element-populated\">\n\t\t\t\t\t\t<div class=\"elementor-element elementor-element-007d2b5 elementor-widget elementor-widget-image\" data-id=\"007d2b5\" data-element_type=\"widget\" data-e-type=\"widget\" data-widget_type=\"image.default\">\n\t\t\t\t<div class=\"elementor-widget-container\">\n\t\t\t\t\t\t\t\t\t\t\t\t\t\t\t<img fetchpriority=\"high\" decoding=\"async\" width=\"470\" height=\"1049\" src=\"https:\/\/selfpay.pt\/wp-content\/uploads\/2024\/04\/Imagens-site-18-e1712310636581.png\" class=\"attachment-full size-full wp-image-570\" alt=\"\" srcset=\"https:\/\/selfpay.pt\/wp-content\/uploads\/2024\/04\/Imagens-site-18-e1712310636581.png 470w, https:\/\/selfpay.pt\/wp-content\/uploads\/2024\/04\/Imagens-site-18-e1712310636581-134x300.png 134w, https:\/\/selfpay.pt\/wp-content\/uploads\/2024\/04\/Imagens-site-18-e1712310636581-459x1024.png 459w\" sizes=\"(max-width: 470px) 100vw, 470px\" \/>\t\t\t\t\t\t\t\t\t\t\t\t\t\t\t<\/div>\n\t\t\t\t<\/div>\n\t\t\t\t<div class=\"elementor-element elementor-element-96892f2 elementor-align-center e-transform elementor-widget elementor-widget-button\" data-id=\"96892f2\" data-element_type=\"widget\" data-e-type=\"widget\" data-settings=\"{&quot;_transform_scale_effect_hover&quot;:{&quot;unit&quot;:&quot;px&quot;,&quot;size&quot;:1.100000000000000088817841970012523233890533447265625,&quot;sizes&quot;:[]},&quot;_transform_scale_effect_hover_tablet&quot;:{&quot;unit&quot;:&quot;px&quot;,&quot;size&quot;:&quot;&quot;,&quot;sizes&quot;:[]},&quot;_transform_scale_effect_hover_mobile&quot;:{&quot;unit&quot;:&quot;px&quot;,&quot;size&quot;:&quot;&quot;,&quot;sizes&quot;:[]}}\" data-widget_type=\"button.default\">\n\t\t\t\t<div class=\"elementor-widget-container\">\n\t\t\t\t\t\t\t\t\t<div class=\"elementor-button-wrapper\">\n\t\t\t\t\t<a class=\"elementor-button elementor-button-link elementor-size-sm\" href=\"#elementor-action%3Aaction%3Dpopup%3Aopen%26settings%3DeyJpZCI6IjEyNzEiLCJ0b2dnbGUiOmZhbHNlfQ%3D%3D\">\n\t\t\t\t\t\t<span class=\"elementor-button-content-wrapper\">\n\t\t\t\t\t\t\t\t\t<span class=\"elementor-button-text\">PEDIDO DE CONTACTO<\/span>\n\t\t\t\t\t<\/span>\n\t\t\t\t\t<\/a>\n\t\t\t\t<\/div>\n\t\t\t\t\t\t\t\t<\/div>\n\t\t\t\t<\/div>\n\t\t\t\t\t<\/div>\n\t\t<\/div>\n\t\t\t\t\t<\/div>\n\t\t<\/section>\n\t\t\t\t<section class=\"elementor-section elementor-top-section elementor-element elementor-element-2679a33 elementor-section-boxed elementor-section-height-default elementor-section-height-default\" data-id=\"2679a33\" data-element_type=\"section\" data-e-type=\"section\">\n\t\t\t\t\t\t<div class=\"elementor-container elementor-column-gap-default\">\n\t\t\t\t\t<div class=\"elementor-column elementor-col-100 elementor-top-column elementor-element elementor-element-f494171\" data-id=\"f494171\" data-element_type=\"column\" data-e-type=\"column\">\n\t\t\t<div class=\"elementor-widget-wrap elementor-element-populated\">\n\t\t\t\t\t\t<div class=\"elementor-element elementor-element-21cc41b elementor-widget elementor-widget-heading\" data-id=\"21cc41b\" data-element_type=\"widget\" data-e-type=\"widget\" data-widget_type=\"heading.default\">\n\t\t\t\t<div class=\"elementor-widget-container\">\n\t\t\t\t\t<h1 class=\"elementor-heading-title elementor-size-default\">Outras Configura\u00e7\u00f5es<\/h1>\t\t\t\t<\/div>\n\t\t\t\t<\/div>\n\t\t\t\t\t<\/div>\n\t\t<\/div>\n\t\t\t\t\t<\/div>\n\t\t<\/section>\n\t\t\t\t<section class=\"elementor-section elementor-top-section elementor-element elementor-element-9507a86 elementor-section-boxed elementor-section-height-default elementor-section-height-default\" data-id=\"9507a86\" data-element_type=\"section\" data-e-type=\"section\">\n\t\t\t\t\t\t<div class=\"elementor-container elementor-column-gap-default\">\n\t\t\t\t\t<div class=\"elementor-column elementor-col-25 elementor-top-column elementor-element elementor-element-6742949\" data-id=\"6742949\" data-element_type=\"column\" data-e-type=\"column\">\n\t\t\t<div class=\"elementor-widget-wrap elementor-element-populated\">\n\t\t\t\t\t\t<div class=\"elementor-element elementor-element-8b0420c e-transform elementor-widget elementor-widget-image\" data-id=\"8b0420c\" data-element_type=\"widget\" data-e-type=\"widget\" data-settings=\"{&quot;_transform_scale_effect_hover&quot;:{&quot;unit&quot;:&quot;px&quot;,&quot;size&quot;:1.100000000000000088817841970012523233890533447265625,&quot;sizes&quot;:[]},&quot;_transform_scale_effect_hover_tablet&quot;:{&quot;unit&quot;:&quot;px&quot;,&quot;size&quot;:&quot;&quot;,&quot;sizes&quot;:[]},&quot;_transform_scale_effect_hover_mobile&quot;:{&quot;unit&quot;:&quot;px&quot;,&quot;size&quot;:&quot;&quot;,&quot;sizes&quot;:[]}}\" data-widget_type=\"image.default\">\n\t\t\t\t<div class=\"elementor-widget-container\">\n\t\t\t\t\t\t\t\t\t\t\t\t\t\t\t<img decoding=\"async\" width=\"1920\" height=\"1080\" src=\"https:\/\/selfpay.pt\/wp-content\/uploads\/2024\/04\/Imagens-site-20.png\" class=\"attachment-full size-full wp-image-688\" alt=\"\" srcset=\"https:\/\/selfpay.pt\/wp-content\/uploads\/2024\/04\/Imagens-site-20.png 1920w, https:\/\/selfpay.pt\/wp-content\/uploads\/2024\/04\/Imagens-site-20-300x169.png 300w, https:\/\/selfpay.pt\/wp-content\/uploads\/2024\/04\/Imagens-site-20-1024x576.png 1024w, https:\/\/selfpay.pt\/wp-content\/uploads\/2024\/04\/Imagens-site-20-768x432.png 768w, https:\/\/selfpay.pt\/wp-content\/uploads\/2024\/04\/Imagens-site-20-1536x864.png 1536w, https:\/\/selfpay.pt\/wp-content\/uploads\/2024\/04\/Imagens-site-20-18x10.png 18w\" sizes=\"(max-width: 1920px) 100vw, 1920px\" \/>\t\t\t\t\t\t\t\t\t\t\t\t\t\t\t<\/div>\n\t\t\t\t<\/div>\n\t\t\t\t<div class=\"elementor-element elementor-element-fb03281 e-transform elementor-widget elementor-widget-heading\" data-id=\"fb03281\" data-element_type=\"widget\" data-e-type=\"widget\" data-settings=\"{&quot;motion_fx_motion_fx_mouse&quot;:&quot;yes&quot;,&quot;_animation&quot;:&quot;none&quot;,&quot;_transform_scale_effect_hover&quot;:{&quot;unit&quot;:&quot;px&quot;,&quot;size&quot;:1.100000000000000088817841970012523233890533447265625,&quot;sizes&quot;:[]},&quot;_transform_scale_effect_hover_tablet&quot;:{&quot;unit&quot;:&quot;px&quot;,&quot;size&quot;:&quot;&quot;,&quot;sizes&quot;:[]},&quot;_transform_scale_effect_hover_mobile&quot;:{&quot;unit&quot;:&quot;px&quot;,&quot;size&quot;:&quot;&quot;,&quot;sizes&quot;:[]}}\" data-widget_type=\"heading.default\">\n\t\t\t\t<div class=\"elementor-widget-container\">\n\t\t\t\t\t<h3 class=\"elementor-heading-title elementor-size-default\">Visualpay 17\" Desk<\/h3>\t\t\t\t<\/div>\n\t\t\t\t<\/div>\n\t\t\t\t\t<\/div>\n\t\t<\/div>\n\t\t\t\t<div class=\"elementor-column elementor-col-25 elementor-top-column elementor-element elementor-element-17c5726\" data-id=\"17c5726\" data-element_type=\"column\" data-e-type=\"column\">\n\t\t\t<div class=\"elementor-widget-wrap elementor-element-populated\">\n\t\t\t\t\t\t<div class=\"elementor-element elementor-element-82d97c6 e-transform elementor-widget elementor-widget-image\" data-id=\"82d97c6\" data-element_type=\"widget\" data-e-type=\"widget\" data-settings=\"{&quot;_transform_scale_effect_hover&quot;:{&quot;unit&quot;:&quot;px&quot;,&quot;size&quot;:1.100000000000000088817841970012523233890533447265625,&quot;sizes&quot;:[]},&quot;_transform_scale_effect_hover_tablet&quot;:{&quot;unit&quot;:&quot;px&quot;,&quot;size&quot;:&quot;&quot;,&quot;sizes&quot;:[]},&quot;_transform_scale_effect_hover_mobile&quot;:{&quot;unit&quot;:&quot;px&quot;,&quot;size&quot;:&quot;&quot;,&quot;sizes&quot;:[]}}\" data-widget_type=\"image.default\">\n\t\t\t\t<div class=\"elementor-widget-container\">\n\t\t\t\t\t\t\t\t\t\t\t\t\t\t\t<img decoding=\"async\" width=\"1920\" height=\"1080\" src=\"https:\/\/selfpay.pt\/wp-content\/uploads\/2024\/04\/Imagens-site-21.png\" class=\"attachment-full size-full wp-image-689\" alt=\"\" srcset=\"https:\/\/selfpay.pt\/wp-content\/uploads\/2024\/04\/Imagens-site-21.png 1920w, https:\/\/selfpay.pt\/wp-content\/uploads\/2024\/04\/Imagens-site-21-300x169.png 300w, https:\/\/selfpay.pt\/wp-content\/uploads\/2024\/04\/Imagens-site-21-1024x576.png 1024w, https:\/\/selfpay.pt\/wp-content\/uploads\/2024\/04\/Imagens-site-21-768x432.png 768w, https:\/\/selfpay.pt\/wp-content\/uploads\/2024\/04\/Imagens-site-21-1536x864.png 1536w, https:\/\/selfpay.pt\/wp-content\/uploads\/2024\/04\/Imagens-site-21-18x10.png 18w\" sizes=\"(max-width: 1920px) 100vw, 1920px\" \/>\t\t\t\t\t\t\t\t\t\t\t\t\t\t\t<\/div>\n\t\t\t\t<\/div>\n\t\t\t\t<div class=\"elementor-element elementor-element-06540d0 e-transform elementor-widget elementor-widget-heading\" data-id=\"06540d0\" data-element_type=\"widget\" data-e-type=\"widget\" data-settings=\"{&quot;motion_fx_motion_fx_mouse&quot;:&quot;yes&quot;,&quot;_animation&quot;:&quot;none&quot;,&quot;_transform_scale_effect_hover&quot;:{&quot;unit&quot;:&quot;px&quot;,&quot;size&quot;:1.100000000000000088817841970012523233890533447265625,&quot;sizes&quot;:[]},&quot;_transform_scale_effect_hover_tablet&quot;:{&quot;unit&quot;:&quot;px&quot;,&quot;size&quot;:&quot;&quot;,&quot;sizes&quot;:[]},&quot;_transform_scale_effect_hover_mobile&quot;:{&quot;unit&quot;:&quot;px&quot;,&quot;size&quot;:&quot;&quot;,&quot;sizes&quot;:[]}}\" data-widget_type=\"heading.default\">\n\t\t\t\t<div class=\"elementor-widget-container\">\n\t\t\t\t\t<h3 class=\"elementor-heading-title elementor-size-default\">Visualpay 17\" Self<\/h3>\t\t\t\t<\/div>\n\t\t\t\t<\/div>\n\t\t\t\t\t<\/div>\n\t\t<\/div>\n\t\t\t\t<div class=\"elementor-column elementor-col-25 elementor-top-column elementor-element elementor-element-e976ac8\" data-id=\"e976ac8\" data-element_type=\"column\" data-e-type=\"column\">\n\t\t\t<div class=\"elementor-widget-wrap elementor-element-populated\">\n\t\t\t\t\t\t<div class=\"elementor-element elementor-element-43588ce e-transform elementor-widget elementor-widget-image\" data-id=\"43588ce\" data-element_type=\"widget\" data-e-type=\"widget\" data-settings=\"{&quot;_transform_scale_effect_hover&quot;:{&quot;unit&quot;:&quot;px&quot;,&quot;size&quot;:1.100000000000000088817841970012523233890533447265625,&quot;sizes&quot;:[]},&quot;_transform_scale_effect_hover_tablet&quot;:{&quot;unit&quot;:&quot;px&quot;,&quot;size&quot;:&quot;&quot;,&quot;sizes&quot;:[]},&quot;_transform_scale_effect_hover_mobile&quot;:{&quot;unit&quot;:&quot;px&quot;,&quot;size&quot;:&quot;&quot;,&quot;sizes&quot;:[]}}\" data-widget_type=\"image.default\">\n\t\t\t\t<div class=\"elementor-widget-container\">\n\t\t\t\t\t\t\t\t\t\t\t\t\t\t\t<img loading=\"lazy\" decoding=\"async\" width=\"1920\" height=\"1080\" src=\"https:\/\/selfpay.pt\/wp-content\/uploads\/2024\/04\/Imagens-site-22.png\" class=\"attachment-full size-full wp-image-690\" alt=\"\" srcset=\"https:\/\/selfpay.pt\/wp-content\/uploads\/2024\/04\/Imagens-site-22.png 1920w, https:\/\/selfpay.pt\/wp-content\/uploads\/2024\/04\/Imagens-site-22-300x169.png 300w, https:\/\/selfpay.pt\/wp-content\/uploads\/2024\/04\/Imagens-site-22-1024x576.png 1024w, https:\/\/selfpay.pt\/wp-content\/uploads\/2024\/04\/Imagens-site-22-768x432.png 768w, https:\/\/selfpay.pt\/wp-content\/uploads\/2024\/04\/Imagens-site-22-1536x864.png 1536w, https:\/\/selfpay.pt\/wp-content\/uploads\/2024\/04\/Imagens-site-22-18x10.png 18w\" sizes=\"(max-width: 1920px) 100vw, 1920px\" \/>\t\t\t\t\t\t\t\t\t\t\t\t\t\t\t<\/div>\n\t\t\t\t<\/div>\n\t\t\t\t<div class=\"elementor-element elementor-element-a35b5ed e-transform elementor-widget elementor-widget-heading\" data-id=\"a35b5ed\" data-element_type=\"widget\" data-e-type=\"widget\" data-settings=\"{&quot;motion_fx_motion_fx_mouse&quot;:&quot;yes&quot;,&quot;_animation&quot;:&quot;none&quot;,&quot;_transform_scale_effect_hover&quot;:{&quot;unit&quot;:&quot;px&quot;,&quot;size&quot;:1.100000000000000088817841970012523233890533447265625,&quot;sizes&quot;:[]},&quot;_transform_scale_effect_hover_tablet&quot;:{&quot;unit&quot;:&quot;px&quot;,&quot;size&quot;:&quot;&quot;,&quot;sizes&quot;:[]},&quot;_transform_scale_effect_hover_mobile&quot;:{&quot;unit&quot;:&quot;px&quot;,&quot;size&quot;:&quot;&quot;,&quot;sizes&quot;:[]}}\" data-widget_type=\"heading.default\">\n\t\t\t\t<div class=\"elementor-widget-container\">\n\t\t\t\t\t<h3 class=\"elementor-heading-title elementor-size-default\">Visualpay 17\" Self Kiosk<\/h3>\t\t\t\t<\/div>\n\t\t\t\t<\/div>\n\t\t\t\t\t<\/div>\n\t\t<\/div>\n\t\t\t\t<div class=\"elementor-column elementor-col-25 elementor-top-column elementor-element elementor-element-2ac4499\" data-id=\"2ac4499\" data-element_type=\"column\" data-e-type=\"column\">\n\t\t\t<div class=\"elementor-widget-wrap elementor-element-populated\">\n\t\t\t\t\t\t<div class=\"elementor-element elementor-element-f559e0c e-transform elementor-widget elementor-widget-image\" data-id=\"f559e0c\" data-element_type=\"widget\" data-e-type=\"widget\" data-settings=\"{&quot;_transform_scale_effect_hover&quot;:{&quot;unit&quot;:&quot;px&quot;,&quot;size&quot;:1.100000000000000088817841970012523233890533447265625,&quot;sizes&quot;:[]},&quot;_transform_scale_effect_hover_tablet&quot;:{&quot;unit&quot;:&quot;px&quot;,&quot;size&quot;:&quot;&quot;,&quot;sizes&quot;:[]},&quot;_transform_scale_effect_hover_mobile&quot;:{&quot;unit&quot;:&quot;px&quot;,&quot;size&quot;:&quot;&quot;,&quot;sizes&quot;:[]}}\" data-widget_type=\"image.default\">\n\t\t\t\t<div class=\"elementor-widget-container\">\n\t\t\t\t\t\t\t\t\t\t\t\t\t\t\t<img loading=\"lazy\" decoding=\"async\" width=\"1920\" height=\"1080\" src=\"https:\/\/selfpay.pt\/wp-content\/uploads\/2024\/04\/Imagens-site-23.png\" class=\"attachment-full size-full wp-image-691\" alt=\"\" srcset=\"https:\/\/selfpay.pt\/wp-content\/uploads\/2024\/04\/Imagens-site-23.png 1920w, https:\/\/selfpay.pt\/wp-content\/uploads\/2024\/04\/Imagens-site-23-300x169.png 300w, https:\/\/selfpay.pt\/wp-content\/uploads\/2024\/04\/Imagens-site-23-1024x576.png 1024w, https:\/\/selfpay.pt\/wp-content\/uploads\/2024\/04\/Imagens-site-23-768x432.png 768w, https:\/\/selfpay.pt\/wp-content\/uploads\/2024\/04\/Imagens-site-23-1536x864.png 1536w, https:\/\/selfpay.pt\/wp-content\/uploads\/2024\/04\/Imagens-site-23-18x10.png 18w\" sizes=\"(max-width: 1920px) 100vw, 1920px\" \/>\t\t\t\t\t\t\t\t\t\t\t\t\t\t\t<\/div>\n\t\t\t\t<\/div>\n\t\t\t\t<div class=\"elementor-element elementor-element-2ef91d3 e-transform elementor-widget elementor-widget-heading\" data-id=\"2ef91d3\" data-element_type=\"widget\" data-e-type=\"widget\" data-settings=\"{&quot;motion_fx_motion_fx_mouse&quot;:&quot;yes&quot;,&quot;_animation&quot;:&quot;none&quot;,&quot;_transform_scale_effect_hover&quot;:{&quot;unit&quot;:&quot;px&quot;,&quot;size&quot;:1.100000000000000088817841970012523233890533447265625,&quot;sizes&quot;:[]},&quot;_transform_scale_effect_hover_tablet&quot;:{&quot;unit&quot;:&quot;px&quot;,&quot;size&quot;:&quot;&quot;,&quot;sizes&quot;:[]},&quot;_transform_scale_effect_hover_mobile&quot;:{&quot;unit&quot;:&quot;px&quot;,&quot;size&quot;:&quot;&quot;,&quot;sizes&quot;:[]}}\" data-widget_type=\"heading.default\">\n\t\t\t\t<div class=\"elementor-widget-container\">\n\t\t\t\t\t<h3 class=\"elementor-heading-title elementor-size-default\">Visualpay 17\" Kiosk<\/h3>\t\t\t\t<\/div>\n\t\t\t\t<\/div>\n\t\t\t\t\t<\/div>\n\t\t<\/div>\n\t\t\t\t\t<\/div>\n\t\t<\/section>\n\t\t\t\t<\/div>","protected":false},"excerpt":{"rendered":"<p>Restaura\u00e7\u00e3o Kiosk\u00b4s Visualpay Cashmatic Cashmatic Visualpay 17&#8243; Cashmatic VisualPay 17 \u00e9 a solu\u00e7\u00e3o mais vers\u00e1til entre as projetadas pela Cashmatic: Sendo configur\u00e1vel de v\u00e1rias maneiras, presta-se perfeitamente como principal ou multibanco secund\u00e1rio de diferentes realidades comerciais. Este multibanco autom\u00e1tico incorpora todas as solu\u00e7\u00f5es da Cashmatic. As configura\u00e7\u00f5es do VisualPay 17 foram concebidas para acompanhar o [&hellip;]<\/p>\n","protected":false},"author":1,"featured_media":0,"parent":0,"menu_order":0,"comment_status":"closed","ping_status":"closed","template":"elementor_header_footer","meta":{"footnotes":""},"class_list":["post-685","page","type-page","status-publish","hentry"],"_links":{"self":[{"href":"https:\/\/selfpay.pt\/en\/wp-json\/wp\/v2\/pages\/685","targetHints":{"allow":["GET"]}}],"collection":[{"href":"https:\/\/selfpay.pt\/en\/wp-json\/wp\/v2\/pages"}],"about":[{"href":"https:\/\/selfpay.pt\/en\/wp-json\/wp\/v2\/types\/page"}],"author":[{"embeddable":true,"href":"https:\/\/selfpay.pt\/en\/wp-json\/wp\/v2\/users\/1"}],"replies":[{"embeddable":true,"href":"https:\/\/selfpay.pt\/en\/wp-json\/wp\/v2\/comments?post=685"}],"version-history":[{"count":22,"href":"https:\/\/selfpay.pt\/en\/wp-json\/wp\/v2\/pages\/685\/revisions"}],"predecessor-version":[{"id":1693,"href":"https:\/\/selfpay.pt\/en\/wp-json\/wp\/v2\/pages\/685\/revisions\/1693"}],"wp:attachment":[{"href":"https:\/\/selfpay.pt\/en\/wp-json\/wp\/v2\/media?parent=685"}],"curies":[{"name":"wp","href":"https:\/\/api.w.org\/{rel}","templated":true}]}}