{"id":87,"date":"2024-04-03T16:52:37","date_gmt":"2024-04-03T16:52:37","guid":{"rendered":"https:\/\/selfpay.pt\/?page_id=87"},"modified":"2024-04-07T11:05:08","modified_gmt":"2024-04-07T11:05:08","slug":"sobre-nos","status":"publish","type":"page","link":"https:\/\/selfpay.pt\/en\/sobre-nos\/","title":{"rendered":"About us"},"content":{"rendered":"<div data-elementor-type=\"wp-page\" data-elementor-id=\"87\" class=\"elementor elementor-87\" data-elementor-post-type=\"page\">\n\t\t\t\t\t\t<section class=\"elementor-section elementor-top-section elementor-element elementor-element-661b594 elementor-section-boxed elementor-section-height-default elementor-section-height-default\" data-id=\"661b594\" data-element_type=\"section\" data-e-type=\"section\" data-settings=\"{&quot;background_background&quot;:&quot;classic&quot;}\">\n\t\t\t\t\t\t<div class=\"elementor-container elementor-column-gap-default\">\n\t\t\t\t\t<div class=\"elementor-column elementor-col-100 elementor-top-column elementor-element elementor-element-a070253\" data-id=\"a070253\" data-element_type=\"column\" data-e-type=\"column\">\n\t\t\t<div class=\"elementor-widget-wrap elementor-element-populated\">\n\t\t\t\t\t\t<div class=\"elementor-element elementor-element-c6e2dd6 elementor-widget elementor-widget-heading\" data-id=\"c6e2dd6\" data-element_type=\"widget\" data-e-type=\"widget\" data-widget_type=\"heading.default\">\n\t\t\t\t<div class=\"elementor-widget-container\">\n\t\t\t\t\t<h1 class=\"elementor-heading-title elementor-size-default\">About us<\/h1>\t\t\t\t<\/div>\n\t\t\t\t<\/div>\n\t\t\t\t\t<\/div>\n\t\t<\/div>\n\t\t\t\t\t<\/div>\n\t\t<\/section>\n\t\t\t\t<section class=\"elementor-section elementor-top-section elementor-element elementor-element-8e60a00 elementor-section-boxed elementor-section-height-default elementor-section-height-default\" data-id=\"8e60a00\" data-element_type=\"section\" data-e-type=\"section\">\n\t\t\t\t\t\t<div class=\"elementor-container elementor-column-gap-default\">\n\t\t\t\t\t<div class=\"elementor-column elementor-col-50 elementor-top-column elementor-element elementor-element-3545885\" data-id=\"3545885\" data-element_type=\"column\" data-e-type=\"column\">\n\t\t\t<div class=\"elementor-widget-wrap elementor-element-populated\">\n\t\t\t\t\t\t<div class=\"elementor-element elementor-element-db1b2e7 elementor-widget elementor-widget-heading\" data-id=\"db1b2e7\" data-element_type=\"widget\" data-e-type=\"widget\" data-widget_type=\"heading.default\">\n\t\t\t\t<div class=\"elementor-widget-container\">\n\t\t\t\t\t<h6 class=\"elementor-heading-title elementor-size-default\">ABOUT US<\/h6>\t\t\t\t<\/div>\n\t\t\t\t<\/div>\n\t\t\t\t<div class=\"elementor-element elementor-element-f1f5350 elementor-widget elementor-widget-heading\" data-id=\"f1f5350\" data-element_type=\"widget\" data-e-type=\"widget\" data-widget_type=\"heading.default\">\n\t\t\t\t<div class=\"elementor-widget-container\">\n\t\t\t\t\t<h1 class=\"elementor-heading-title elementor-size-default\">We are your Innovation Partner<\/h1>\t\t\t\t<\/div>\n\t\t\t\t<\/div>\n\t\t\t\t<div class=\"elementor-element elementor-element-80c5e65 elementor-widget elementor-widget-text-editor\" data-id=\"80c5e65\" data-element_type=\"widget\" data-e-type=\"widget\" data-widget_type=\"text-editor.default\">\n\t\t\t\t<div class=\"elementor-widget-container\">\n\t\t\t\t\t\t\t\t\t<p class=\"cvGsUA direction-ltr align-justify para-style-body\"><span class=\"OYPEnA text-decoration-none text-strikethrough-none\">SELFPAY is a brand created and registered by the Controlink Group, which has been operating in the IT (Information Technology) market for over 15 years.<\/span><\/p><p>\u00a0<\/p><p class=\"cvGsUA direction-ltr align-justify para-style-body\"><span class=\"OYPEnA text-decoration-none text-strikethrough-none\">Esta marca dedica-se \u00e0 promo\u00e7\u00e3o e distribui\u00e7\u00e3o de solu\u00e7\u00f5es de pagamentos automatizados e automatiza\u00e7\u00e3o de processos<\/span> <span class=\"OYPEnA text-decoration-none text-strikethrough-none\">especializados nas \u00e1reas da Restaura\u00e7\u00e3o, Retalho, Hotelaria, Lavandaria e Pagamentos Online.<\/span><\/p>\t\t\t\t\t\t\t\t<\/div>\n\t\t\t\t<\/div>\n\t\t\t\t\t<\/div>\n\t\t<\/div>\n\t\t\t\t<div class=\"elementor-column elementor-col-50 elementor-top-column elementor-element elementor-element-0e61d55\" data-id=\"0e61d55\" data-element_type=\"column\" data-e-type=\"column\">\n\t\t\t<div class=\"elementor-widget-wrap elementor-element-populated\">\n\t\t\t\t\t\t<div class=\"elementor-element elementor-element-60ae940 elementor-widget elementor-widget-image\" data-id=\"60ae940\" data-element_type=\"widget\" data-e-type=\"widget\" data-widget_type=\"image.default\">\n\t\t\t\t<div class=\"elementor-widget-container\">\n\t\t\t\t\t\t\t\t\t\t\t\t\t\t\t<img fetchpriority=\"high\" decoding=\"async\" width=\"1920\" height=\"1080\" src=\"https:\/\/selfpay.pt\/wp-content\/uploads\/2024\/04\/Imagens-site-8.png\" class=\"attachment-full size-full wp-image-242\" alt=\"\" srcset=\"https:\/\/selfpay.pt\/wp-content\/uploads\/2024\/04\/Imagens-site-8.png 1920w, https:\/\/selfpay.pt\/wp-content\/uploads\/2024\/04\/Imagens-site-8-300x169.png 300w, https:\/\/selfpay.pt\/wp-content\/uploads\/2024\/04\/Imagens-site-8-1024x576.png 1024w, https:\/\/selfpay.pt\/wp-content\/uploads\/2024\/04\/Imagens-site-8-768x432.png 768w, https:\/\/selfpay.pt\/wp-content\/uploads\/2024\/04\/Imagens-site-8-1536x864.png 1536w\" sizes=\"(max-width: 1920px) 100vw, 1920px\" \/>\t\t\t\t\t\t\t\t\t\t\t\t\t\t\t<\/div>\n\t\t\t\t<\/div>\n\t\t\t\t\t<\/div>\n\t\t<\/div>\n\t\t\t\t\t<\/div>\n\t\t<\/section>\n\t\t\t\t<section class=\"elementor-section elementor-top-section elementor-element elementor-element-8b776a6 elementor-section-boxed elementor-section-height-default elementor-section-height-default\" data-id=\"8b776a6\" data-element_type=\"section\" data-e-type=\"section\">\n\t\t\t\t\t\t<div class=\"elementor-container elementor-column-gap-default\">\n\t\t\t\t\t<div class=\"elementor-column elementor-col-100 elementor-top-column elementor-element elementor-element-95430d0\" data-id=\"95430d0\" data-element_type=\"column\" data-e-type=\"column\">\n\t\t\t<div class=\"elementor-widget-wrap elementor-element-populated\">\n\t\t\t\t\t\t<div class=\"elementor-element elementor-element-a924683 elementor-widget elementor-widget-heading\" data-id=\"a924683\" data-element_type=\"widget\" data-e-type=\"widget\" data-widget_type=\"heading.default\">\n\t\t\t\t<div class=\"elementor-widget-container\">\n\t\t\t\t\t<h1 class=\"elementor-heading-title elementor-size-default\">Os Nossos Valores<\/h1>\t\t\t\t<\/div>\n\t\t\t\t<\/div>\n\t\t\t\t\t<\/div>\n\t\t<\/div>\n\t\t\t\t\t<\/div>\n\t\t<\/section>\n\t\t\t\t<section class=\"elementor-section elementor-top-section elementor-element elementor-element-072c3f1 elementor-section-height-min-height elementor-section-boxed elementor-section-height-default elementor-section-items-middle\" data-id=\"072c3f1\" data-element_type=\"section\" data-e-type=\"section\" data-settings=\"{&quot;background_background&quot;:&quot;classic&quot;}\">\n\t\t\t\t\t\t<div class=\"elementor-container elementor-column-gap-default\">\n\t\t\t\t\t<div class=\"elementor-column elementor-col-50 elementor-top-column elementor-element elementor-element-563e97e\" data-id=\"563e97e\" data-element_type=\"column\" data-e-type=\"column\">\n\t\t\t<div class=\"elementor-widget-wrap elementor-element-populated\">\n\t\t\t\t\t\t<section class=\"elementor-section elementor-inner-section elementor-element elementor-element-8457ded elementor-section-boxed elementor-section-height-default elementor-section-height-default\" data-id=\"8457ded\" data-element_type=\"section\" data-e-type=\"section\">\n\t\t\t\t\t\t<div class=\"elementor-container elementor-column-gap-extended\">\n\t\t\t\t\t<div class=\"elementor-column elementor-col-50 elementor-inner-column elementor-element elementor-element-0c1c17d\" data-id=\"0c1c17d\" data-element_type=\"column\" data-e-type=\"column\">\n\t\t\t<div class=\"elementor-widget-wrap elementor-element-populated\">\n\t\t\t\t\t\t<div class=\"elementor-element elementor-element-42309ae elementor-widget elementor-widget-heading\" data-id=\"42309ae\" data-element_type=\"widget\" data-e-type=\"widget\" data-widget_type=\"heading.default\">\n\t\t\t\t<div class=\"elementor-widget-container\">\n\t\t\t\t\t<h2 class=\"elementor-heading-title elementor-size-default\">Integrigade<\/h2>\t\t\t\t<\/div>\n\t\t\t\t<\/div>\n\t\t\t\t<div class=\"elementor-element elementor-element-0fee713 elementor-widget elementor-widget-heading\" data-id=\"0fee713\" data-element_type=\"widget\" data-e-type=\"widget\" data-widget_type=\"heading.default\">\n\t\t\t\t<div class=\"elementor-widget-container\">\n\t\t\t\t\t<h2 class=\"elementor-heading-title elementor-size-default\">Paix\u00e3o<\/h2>\t\t\t\t<\/div>\n\t\t\t\t<\/div>\n\t\t\t\t<div class=\"elementor-element elementor-element-27ee7c5 elementor-widget elementor-widget-heading\" data-id=\"27ee7c5\" data-element_type=\"widget\" data-e-type=\"widget\" data-widget_type=\"heading.default\">\n\t\t\t\t<div class=\"elementor-widget-container\">\n\t\t\t\t\t<h2 class=\"elementor-heading-title elementor-size-default\">Disponibilidade<\/h2>\t\t\t\t<\/div>\n\t\t\t\t<\/div>\n\t\t\t\t\t<\/div>\n\t\t<\/div>\n\t\t\t\t<div class=\"elementor-column elementor-col-50 elementor-inner-column elementor-element elementor-element-8923221\" data-id=\"8923221\" data-element_type=\"column\" data-e-type=\"column\">\n\t\t\t<div class=\"elementor-widget-wrap elementor-element-populated\">\n\t\t\t\t\t\t<div class=\"elementor-element elementor-element-41a8d33 elementor-widget elementor-widget-heading\" data-id=\"41a8d33\" data-element_type=\"widget\" data-e-type=\"widget\" data-widget_type=\"heading.default\">\n\t\t\t\t<div class=\"elementor-widget-container\">\n\t\t\t\t\t<h2 class=\"elementor-heading-title elementor-size-default\">Profissionalismo<\/h2>\t\t\t\t<\/div>\n\t\t\t\t<\/div>\n\t\t\t\t<div class=\"elementor-element elementor-element-dfc09a5 elementor-widget elementor-widget-heading\" data-id=\"dfc09a5\" data-element_type=\"widget\" data-e-type=\"widget\" data-widget_type=\"heading.default\">\n\t\t\t\t<div class=\"elementor-widget-container\">\n\t\t\t\t\t<h2 class=\"elementor-heading-title elementor-size-default\">Honestidade<\/h2>\t\t\t\t<\/div>\n\t\t\t\t<\/div>\n\t\t\t\t<div class=\"elementor-element elementor-element-d17df74 elementor-widget elementor-widget-heading\" data-id=\"d17df74\" data-element_type=\"widget\" data-e-type=\"widget\" data-widget_type=\"heading.default\">\n\t\t\t\t<div class=\"elementor-widget-container\">\n\t\t\t\t\t<h2 class=\"elementor-heading-title elementor-size-default\">Dinamismo<\/h2>\t\t\t\t<\/div>\n\t\t\t\t<\/div>\n\t\t\t\t\t<\/div>\n\t\t<\/div>\n\t\t\t\t\t<\/div>\n\t\t<\/section>\n\t\t\t\t\t<\/div>\n\t\t<\/div>\n\t\t\t\t<div class=\"elementor-column elementor-col-50 elementor-top-column elementor-element elementor-element-33f871a elementor-hidden-tablet elementor-hidden-mobile\" data-id=\"33f871a\" data-element_type=\"column\" data-e-type=\"column\">\n\t\t\t<div class=\"elementor-widget-wrap\">\n\t\t\t\t\t\t\t<\/div>\n\t\t<\/div>\n\t\t\t\t\t<\/div>\n\t\t<\/section>\n\t\t\t\t<section class=\"elementor-section elementor-top-section elementor-element elementor-element-b38b2a2 elementor-section-boxed elementor-section-height-default elementor-section-height-default\" data-id=\"b38b2a2\" data-element_type=\"section\" data-e-type=\"section\">\n\t\t\t\t\t\t<div class=\"elementor-container elementor-column-gap-default\">\n\t\t\t\t\t<div class=\"elementor-column elementor-col-100 elementor-top-column elementor-element elementor-element-1f5c955\" data-id=\"1f5c955\" data-element_type=\"column\" data-e-type=\"column\">\n\t\t\t<div class=\"elementor-widget-wrap elementor-element-populated\">\n\t\t\t\t\t\t<div class=\"elementor-element elementor-element-1adbc5e elementor-widget elementor-widget-heading\" data-id=\"1adbc5e\" data-element_type=\"widget\" data-e-type=\"widget\" data-widget_type=\"heading.default\">\n\t\t\t\t<div class=\"elementor-widget-container\">\n\t\t\t\t\t<h1 class=\"elementor-heading-title elementor-size-default\">Distribuidores<\/h1>\t\t\t\t<\/div>\n\t\t\t\t<\/div>\n\t\t\t\t\t<\/div>\n\t\t<\/div>\n\t\t\t\t\t<\/div>\n\t\t<\/section>\n\t\t\t\t<section class=\"elementor-section elementor-top-section elementor-element elementor-element-a77976b elementor-section-boxed elementor-section-height-default elementor-section-height-default\" data-id=\"a77976b\" data-element_type=\"section\" data-e-type=\"section\">\n\t\t\t\t\t\t<div class=\"elementor-container elementor-column-gap-default\">\n\t\t\t\t\t<div class=\"elementor-column elementor-col-50 elementor-top-column elementor-element elementor-element-3074459\" data-id=\"3074459\" data-element_type=\"column\" data-e-type=\"column\">\n\t\t\t<div class=\"elementor-widget-wrap elementor-element-populated\">\n\t\t\t\t\t\t<div class=\"elementor-element elementor-element-28162ba elementor-widget elementor-widget-image\" data-id=\"28162ba\" data-element_type=\"widget\" data-e-type=\"widget\" data-widget_type=\"image.default\">\n\t\t\t\t<div class=\"elementor-widget-container\">\n\t\t\t\t\t\t\t\t\t\t\t\t\t\t\t<img decoding=\"async\" width=\"1219\" height=\"176\" src=\"https:\/\/selfpay.pt\/wp-content\/uploads\/2024\/04\/Imagens-site-10-e1712231255107.png\" class=\"attachment-full size-full wp-image-310\" alt=\"\" srcset=\"https:\/\/selfpay.pt\/wp-content\/uploads\/2024\/04\/Imagens-site-10-e1712231255107.png 1219w, https:\/\/selfpay.pt\/wp-content\/uploads\/2024\/04\/Imagens-site-10-e1712231255107-300x43.png 300w, https:\/\/selfpay.pt\/wp-content\/uploads\/2024\/04\/Imagens-site-10-e1712231255107-1024x148.png 1024w, https:\/\/selfpay.pt\/wp-content\/uploads\/2024\/04\/Imagens-site-10-e1712231255107-768x111.png 768w\" sizes=\"(max-width: 1219px) 100vw, 1219px\" \/>\t\t\t\t\t\t\t\t\t\t\t\t\t\t\t<\/div>\n\t\t\t\t<\/div>\n\t\t\t\t<div class=\"elementor-element elementor-element-37b5afa elementor-widget elementor-widget-text-editor\" data-id=\"37b5afa\" data-element_type=\"widget\" data-e-type=\"widget\" data-widget_type=\"text-editor.default\">\n\t\t\t\t<div class=\"elementor-widget-container\">\n\t\t\t\t\t\t\t\t\t<p><span class=\"OYPEnA text-decoration-none text-strikethrough-none\">Em 2021 pass\u00e1mos a ser os distribuidores oficiais Cashmatic em Portugal com as solu\u00e7\u00f5es de Gest\u00e3o de Pagamento Automatizados Selfpay (os moedeiros), assim como os kiosk\u00b4s Visualpay da Cashmatic.<\/span><\/p>\t\t\t\t\t\t\t\t<\/div>\n\t\t\t\t<\/div>\n\t\t\t\t<div class=\"elementor-element elementor-element-7c70e29 elementor-widget elementor-widget-image\" data-id=\"7c70e29\" data-element_type=\"widget\" data-e-type=\"widget\" data-widget_type=\"image.default\">\n\t\t\t\t<div class=\"elementor-widget-container\">\n\t\t\t\t\t\t\t\t\t\t\t\t\t\t\t<img decoding=\"async\" width=\"477\" height=\"409\" src=\"https:\/\/selfpay.pt\/wp-content\/uploads\/2024\/04\/Captura-de-ecra-2024-04-03-181111-e1712231158316.png\" class=\"attachment-full size-full wp-image-100\" alt=\"\" srcset=\"https:\/\/selfpay.pt\/wp-content\/uploads\/2024\/04\/Captura-de-ecra-2024-04-03-181111-e1712231158316.png 477w, https:\/\/selfpay.pt\/wp-content\/uploads\/2024\/04\/Captura-de-ecra-2024-04-03-181111-e1712231158316-300x257.png 300w\" sizes=\"(max-width: 477px) 100vw, 477px\" \/>\t\t\t\t\t\t\t\t\t\t\t\t\t\t\t<\/div>\n\t\t\t\t<\/div>\n\t\t\t\t\t<\/div>\n\t\t<\/div>\n\t\t\t\t<div class=\"elementor-column elementor-col-50 elementor-top-column elementor-element elementor-element-0cf0fa9\" data-id=\"0cf0fa9\" data-element_type=\"column\" data-e-type=\"column\">\n\t\t\t<div class=\"elementor-widget-wrap elementor-element-populated\">\n\t\t\t\t\t\t<div class=\"elementor-element elementor-element-8c25edd elementor-widget elementor-widget-image\" data-id=\"8c25edd\" data-element_type=\"widget\" data-e-type=\"widget\" data-widget_type=\"image.default\">\n\t\t\t\t<div class=\"elementor-widget-container\">\n\t\t\t\t\t\t\t\t\t\t\t\t\t\t\t<img loading=\"lazy\" decoding=\"async\" width=\"1155\" height=\"316\" src=\"https:\/\/selfpay.pt\/wp-content\/uploads\/2024\/04\/Imagens-site-11-e1712231332786.png\" class=\"attachment-full size-full wp-image-311\" alt=\"\" srcset=\"https:\/\/selfpay.pt\/wp-content\/uploads\/2024\/04\/Imagens-site-11-e1712231332786.png 1155w, https:\/\/selfpay.pt\/wp-content\/uploads\/2024\/04\/Imagens-site-11-e1712231332786-300x82.png 300w, https:\/\/selfpay.pt\/wp-content\/uploads\/2024\/04\/Imagens-site-11-e1712231332786-1024x280.png 1024w, https:\/\/selfpay.pt\/wp-content\/uploads\/2024\/04\/Imagens-site-11-e1712231332786-768x210.png 768w\" sizes=\"(max-width: 1155px) 100vw, 1155px\" \/>\t\t\t\t\t\t\t\t\t\t\t\t\t\t\t<\/div>\n\t\t\t\t<\/div>\n\t\t\t\t<div class=\"elementor-element elementor-element-8feb1e2 elementor-widget elementor-widget-text-editor\" data-id=\"8feb1e2\" data-element_type=\"widget\" data-e-type=\"widget\" data-widget_type=\"text-editor.default\">\n\t\t\t\t<div class=\"elementor-widget-container\">\n\t\t\t\t\t\t\t\t\t<p><span class=\"OYPEnA text-decoration-none text-strikethrough-none\">2023 abra\u00e7\u00e1mos a distribui\u00e7\u00e3o da Roommatik em Portugal fruto das in\u00fameras consultas que nos fazendo com a necessidade de existir um kiosk para realiz\u00e7\u00e3o de Check-in automatizado.<\/span><\/p>\t\t\t\t\t\t\t\t<\/div>\n\t\t\t\t<\/div>\n\t\t\t\t<div class=\"elementor-element elementor-element-cd7e295 elementor-widget elementor-widget-image\" data-id=\"cd7e295\" data-element_type=\"widget\" data-e-type=\"widget\" data-widget_type=\"image.default\">\n\t\t\t\t<div class=\"elementor-widget-container\">\n\t\t\t\t\t\t\t\t\t\t\t\t\t\t\t<img loading=\"lazy\" decoding=\"async\" width=\"1920\" height=\"1080\" src=\"https:\/\/selfpay.pt\/wp-content\/uploads\/2024\/04\/Imagens-site-9.png\" class=\"attachment-full size-full wp-image-286\" alt=\"\" srcset=\"https:\/\/selfpay.pt\/wp-content\/uploads\/2024\/04\/Imagens-site-9.png 1920w, https:\/\/selfpay.pt\/wp-content\/uploads\/2024\/04\/Imagens-site-9-300x169.png 300w, https:\/\/selfpay.pt\/wp-content\/uploads\/2024\/04\/Imagens-site-9-1024x576.png 1024w, https:\/\/selfpay.pt\/wp-content\/uploads\/2024\/04\/Imagens-site-9-768x432.png 768w, https:\/\/selfpay.pt\/wp-content\/uploads\/2024\/04\/Imagens-site-9-1536x864.png 1536w\" sizes=\"(max-width: 1920px) 100vw, 1920px\" \/>\t\t\t\t\t\t\t\t\t\t\t\t\t\t\t<\/div>\n\t\t\t\t<\/div>\n\t\t\t\t\t<\/div>\n\t\t<\/div>\n\t\t\t\t\t<\/div>\n\t\t<\/section>\n\t\t\t\t<\/div>","protected":false},"excerpt":{"rendered":"<p>Sobre n\u00f3s QUEM SOMOS Somos o Parceiro seu de Inova\u00e7\u00e3o A SELFPAY \u00e9 uma marca criada e registada pelo Grupo Controlink que est\u00e1 presente no mercado h\u00e1 mais de 15 Anos a atuar na \u00e1rea das TI (Tecnologias de Informa\u00e7\u00e3o). \u00a0 Esta marca dedica-se \u00e0 promo\u00e7\u00e3o e distribui\u00e7\u00e3o de solu\u00e7\u00f5es de pagamentos automatizados e automatiza\u00e7\u00e3o [&hellip;]<\/p>\n","protected":false},"author":1,"featured_media":0,"parent":0,"menu_order":0,"comment_status":"closed","ping_status":"closed","template":"elementor_header_footer","meta":{"footnotes":""},"class_list":["post-87","page","type-page","status-publish","hentry"],"_links":{"self":[{"href":"https:\/\/selfpay.pt\/en\/wp-json\/wp\/v2\/pages\/87","targetHints":{"allow":["GET"]}}],"collection":[{"href":"https:\/\/selfpay.pt\/en\/wp-json\/wp\/v2\/pages"}],"about":[{"href":"https:\/\/selfpay.pt\/en\/wp-json\/wp\/v2\/types\/page"}],"author":[{"embeddable":true,"href":"https:\/\/selfpay.pt\/en\/wp-json\/wp\/v2\/users\/1"}],"replies":[{"embeddable":true,"href":"https:\/\/selfpay.pt\/en\/wp-json\/wp\/v2\/comments?post=87"}],"version-history":[{"count":88,"href":"https:\/\/selfpay.pt\/en\/wp-json\/wp\/v2\/pages\/87\/revisions"}],"predecessor-version":[{"id":850,"href":"https:\/\/selfpay.pt\/en\/wp-json\/wp\/v2\/pages\/87\/revisions\/850"}],"wp:attachment":[{"href":"https:\/\/selfpay.pt\/en\/wp-json\/wp\/v2\/media?parent=87"}],"curies":[{"name":"wp","href":"https:\/\/api.w.org\/{rel}","templated":true}]}}